{"id":4730,"date":"2020-01-13T04:45:03","date_gmt":"2020-01-13T04:45:03","guid":{"rendered":"http:\/\/www.dentafest.com.mx\/sitio\/mesmerize\/"},"modified":"2020-10-27T14:09:08","modified_gmt":"2020-10-27T20:09:08","slug":"mesmerize","status":"publish","type":"page","link":"https:\/\/www.dentafest.com.mx\/sitio\/","title":{"rendered":"Front Page"},"content":{"rendered":"<div  id=\"about-1\" style=\"background-color: #f5fafd;\" data-label=\"About\" data-id=\"about-1\" data-export-id=\"about-1\" data-category=\"about\" class=\"about-1 content-section\"><div  class=\"gridContainer\"> <div  class=\"row text-center\"><div  class=\"section-title-col\" data-type=\"column\">  <h2  class=\"\">Dentafest, Cl\u00ednica Integral de Odontolog\u00eda especializada en Ortodoncia.<\/h2> <\/div> <\/div> <div  class=\"row\"> <div  class=\"button-holder space-bottom space-bottom-small\" data-type=\"column\"> <\/div> <div  class=\"col-xs bottom-xs flexbox image-group-bottom-3-img space-bottom-xs center-xs\"> <img  class=\"left-img shadow-large-black\" data-size=\"500x300\" src=\"http:\/\/www.dentafest.com.mx\/sitio\/wp-content\/uploads\/2020\/05\/silla2dentafest.jpg\" alt=\"\" title=\"silla2dentafest\"> <img  class=\"center-img shadow-large-black\" data-size=\"500x300\" src=\"http:\/\/www.dentafest.com.mx\/sitio\/wp-content\/uploads\/2020\/05\/drabeeprincipal.jpg\" alt=\"dentista Dra. Akarawan\" title=\"drabeeprincipal\"> <img  class=\"right-img shadow-large-black\" data-size=\"500x300\" src=\"http:\/\/www.dentafest.com.mx\/sitio\/wp-content\/uploads\/2020\/05\/silla1dentafest.jpg\" alt=\"dentista roma norte\" title=\"silla1dentafest\"><\/div> <\/div><\/div> <\/div><div  id=\"content-13\" style=\"background-color: rgb(255, 255, 255); background-image: none;\" data-label=\"Content\" data-id=\"content-2\" data-export-id=\"content-2\" data-category=\"content\" class=\"content-2 content-section content-section-spacing\"><div > <div  class=\"row middle-xs\"><div  class=\"col-sm-5 bg-image shadow-large-black\" data-bg=\"image\" style=\"background-image: url(&quot;http:\/\/www.dentafest.com.mx\/sitio\/wp-content\/uploads\/2020\/05\/cropped-draakarawanportada.jpg&quot;);\"><\/div> <div  class=\"col-sm-7 full-col-left-padding full-col-right-padding\"> <div  class=\"row\"> <div  data-type=\"column\" class=\"space-bottom-small content-title-col\">  <h2  class=\"\"><\/h2> <p  class=\"\">La Doctora Akarawan Ponglertnapakorn es cirujana dentista con especialidad en ortodoncia realiza su especialidad en el famoso&nbsp; Hospital General \u00bb Dr. Manuel Gea Gonz\u00e1lez\u00bb y est\u00e1 certificada&nbsp;por la AMO Asociaci\u00f3n Mexicana de Ortodoncia y El Colegio de Ortodoncistas A.C., conc\u00e9dula profesional&nbsp; 7115114, c\u00e9dula de especialidad (Ortodoncia) es 7187334.<br >Le invitamosa conocer sus servicios ,Llama y agenda tu cita de valoraci\u00f3n.<\/p><\/div> <\/div> <div  class=\"row spaced-cols content-center-sm center-sm\" data-type=\"row\">   <div  class=\"col-xs-6\" data-type=\"column\"> <\/div>  <\/div><\/div> <\/div><\/div> <\/div><div  id=\"portfolio-3\" style=\"background-color: rgb(255, 255, 255); background-image: none;\" data-label=\"Portfolio\" data-id=\"portfolio-4\" data-export-id=\"portfolio-4\" data-category=\"portfolio\" class=\"portfolio-4 content-section content-section-spacing-top\"><div  class=\"\"> <div  class=\"row text-center\"><div  class=\"section-title-col\" data-type=\"column\"> <h2  class=\"\">Nuestros Servicios<\/h2> <\/div> <\/div> <div  data-type=\"row\" class=\"row\" data-fixed=\"true\"> <div  class=\"col-xs-12 col-sm-3 no-gutter-col\"> <div  class=\"contentswap-effect\" data-hover-fx=\"portfolio-4\"> <div  class=\"initial-image\"> <img  data-size=\"542x360\" src=\"http:\/\/www.dentafest.com.mx\/sitio\/wp-content\/uploads\/2020\/05\/cropped-dentafestfamilia.jpg\"><\/div> <div  class=\"overlay bg-color1\"><\/div> <div  class=\"swap-inner col-xs-12\"> <div  class=\"row full-height-row middle-xs middle-sm\"> <div  class=\"col-xs-12 text-center content-holder\"> <a href=\"http:\/\/www.dentafest.com.mx\/sitio\/dentafest-familia\" target=\"_blank\" rel=\"noopener noreferrer\"><i  class=\"fa icon portfolio-icon fa-search reverse round small\" aria-hidden=\"true\"><\/i><\/a><\/div> <\/div><\/div> <\/div><\/div> <div  class=\"col-xs-12 col-sm-3 no-gutter-col\"><div  class=\"contentswap-effect\" data-hover-fx=\"portfolio-4\"> <div  class=\"initial-image\"> <img  data-size=\"542x360\" src=\"http:\/\/www.dentafest.com.mx\/sitio\/wp-content\/uploads\/2020\/05\/cropped-primervistitagratis.jpg\"><\/div> <div  class=\"overlay bg-color1\"><\/div> <div  class=\"swap-inner col-xs-12\"> <div  class=\"row full-height-row middle-xs middle-sm\"> <div  class=\"col-xs-12 text-center content-holder\"> <a href=\"http:\/\/www.dentafest.com.mx\/sitio\/primer-consulta-gratis\" target=\"_blank\" rel=\"noopener noreferrer\"><i  class=\"fa icon portfolio-icon fa-search reverse round small\" aria-hidden=\"true\"><\/i><\/a><\/div> <\/div><\/div> <\/div><\/div> <div  class=\"col-xs-12 col-sm-3 no-gutter-col\"><div  class=\"contentswap-effect\" data-hover-fx=\"portfolio-4\"> <div  class=\"initial-image\"> <img  data-size=\"542x360\" src=\"http:\/\/www.dentafest.com.mx\/sitio\/wp-content\/uploads\/2020\/05\/cropped-ortodonciainvisble.jpg\"><\/div> <div  class=\"overlay bg-color1\"><\/div> <div  class=\"swap-inner col-xs-12\"> <div  class=\"row full-height-row middle-xs middle-sm\"> <div  class=\"col-xs-12 text-center content-holder\"> <a href=\"http:\/\/www.dentafest.com.mx\/sitio\/ortodoncia-invisible\" target=\"_blank\" rel=\"noopener noreferrer\"><i  class=\"fa icon portfolio-icon fa-search reverse round small\" aria-hidden=\"true\"><\/i><\/a><\/div> <\/div><\/div> <\/div><\/div> <div  class=\"col-xs-12 col-sm-3 no-gutter-col\"><div  class=\"contentswap-effect\" data-hover-fx=\"portfolio-4\"> <div  class=\"initial-image\"> <img  data-size=\"542x360\" src=\"http:\/\/www.dentafest.com.mx\/sitio\/wp-content\/uploads\/2020\/05\/cropped-bracketsauto.jpg\"><\/div> <div  class=\"overlay bg-color1\"><\/div> <div  class=\"swap-inner col-xs-12\"> <div  class=\"row full-height-row middle-xs middle-sm\"> <div  class=\"col-xs-12 text-center content-holder\"> <a href=\"http:\/\/www.dentafest.com.mx\/sitio\/brackets-autoligados\" target=\"_blank\" rel=\"noopener noreferrer\"><i  class=\"fa icon portfolio-icon fa-search reverse round small\" aria-hidden=\"true\"><\/i><\/a><\/div> <\/div><\/div> <\/div><\/div> <div  class=\"col-xs-12 col-sm-3 no-gutter-col\"><div  class=\"contentswap-effect\" data-hover-fx=\"portfolio-4\"> <div  class=\"initial-image\"> <img  data-size=\"542x360\" src=\"http:\/\/www.dentafest.com.mx\/sitio\/wp-content\/uploads\/2020\/05\/cropped-maxilofacial.jpg\"><\/div> <div  class=\"overlay bg-color1\"><\/div> <div  class=\"swap-inner col-xs-12\"> <div  class=\"row full-height-row middle-xs middle-sm\"> <div  class=\"col-xs-12 text-center content-holder\"> <a href=\"http:\/\/www.dentafest.com.mx\/sitio\/ortopedia-dentomaxilofacial\" target=\"_blank\" rel=\"noopener noreferrer\"><i  class=\"fa icon portfolio-icon fa-search reverse round small\" aria-hidden=\"true\"><\/i><\/a><\/div> <\/div><\/div> <\/div><\/div> <div  class=\"col-xs-12 col-sm-3 no-gutter-col\"><div  class=\"contentswap-effect\" data-hover-fx=\"portfolio-4\"> <div  class=\"initial-image\"> <img  data-size=\"542x360\" src=\"http:\/\/www.dentafest.com.mx\/sitio\/wp-content\/uploads\/2020\/05\/cropped-estetico-1.jpg\"><\/div> <div  class=\"overlay bg-color1\"><\/div> <div  class=\"swap-inner col-xs-12\"> <div  class=\"row full-height-row middle-xs middle-sm\"> <div  class=\"col-xs-12 text-center content-holder\"> <a href=\"http:\/\/www.dentafest.com.mx\/sitio\/tratamiento-estetico\" target=\"_blank\" rel=\"noopener noreferrer\"><i  class=\"fa icon portfolio-icon fa-search reverse round small\" aria-hidden=\"true\"><\/i><\/a><\/div> <\/div><\/div> <\/div><\/div> <div  class=\"col-xs-12 col-sm-3 no-gutter-col\"><div  class=\"contentswap-effect\" data-hover-fx=\"portfolio-4\"> <div  class=\"initial-image\"> <img  data-size=\"542x360\" src=\"http:\/\/www.dentafest.com.mx\/sitio\/wp-content\/uploads\/2020\/05\/cropped-mandibular-1.jpg\"><\/div> <div  class=\"overlay bg-color1\"><\/div> <div  class=\"swap-inner col-xs-12\"> <div  class=\"row full-height-row middle-xs middle-sm\"> <div  class=\"col-xs-12 text-center content-holder\"> <a href=\"http:\/\/www.dentafest.com.mx\/sitio\/dolor-mandibular\" target=\"_blank\" rel=\"noopener noreferrer\"><i  class=\"fa icon portfolio-icon fa-search reverse round small\" aria-hidden=\"true\"><\/i><\/a><\/div> <\/div><\/div> <\/div><\/div> <div  class=\"col-xs-12 col-sm-3 no-gutter-col\"><div  class=\"contentswap-effect\" data-hover-fx=\"portfolio-4\"> <div  class=\"initial-image\"> <img  data-size=\"542x360\" src=\"http:\/\/www.dentafest.com.mx\/sitio\/wp-content\/uploads\/2020\/05\/cropped-roncar-2.jpg\"><\/div> <div  class=\"overlay bg-color1\"><\/div> <div  class=\"swap-inner col-xs-12\"> <div  class=\"row full-height-row middle-xs middle-sm\"> <div  class=\"col-xs-12 text-center content-holder\"> <a href=\"http:\/\/www.dentafest.com.mx\/sitio\/ronquidos\" target=\"_blank\" rel=\"noopener noreferrer\"><i  class=\"fa icon portfolio-icon fa-search reverse round small\" aria-hidden=\"true\"><\/i><\/a><\/div> <\/div><\/div> <\/div><\/div> <\/div><\/div> <\/div><div  id=\"latest-news-1\" style=\"background-color: rgb(245, 250, 253); background-image: none;\" data-label=\"Latest-news\" data-id=\"blog-section\" data-export-id=\"blog-section\" data-category=\"latest_news\" class=\"blog-section blog-section-standard content-section content-section-spacing\"><div  class=\"gridContainer\"> <div  class=\"row\"><div  data-type=\"column\" class=\"section-title-col\"> <h2  class=\"\">Novedades<\/h2> <p  class=\"lead\">Compartimos con Usted los ultimos avances en tratamientos de Ortodoncia , Por favor cheque nuestras promociones.<\/p><\/div> <\/div> <div  class=\"row\"> <div  data-type=\"row\" data-dynamic-columns=\"handled\" data-content-shortcode=\"mesmerize_latest_news\">        <div class=\"row center-sm content-left-sm\">\n                    <div id=\"post-5085\" class=\"col-sm-6 col-md-4 space-bottom space-bottom-xs\">\n                <div class=\"post-content card y-move bordered\">\n                        <div class=\"post-thumbnail\">\n        <a href=\"https:\/\/www.dentafest.com.mx\/sitio\/dentista-roma-norte-2\/\" class=\"post-list-item-thumb \">\n            <img width=\"560\" height=\"360\" src=\"https:\/\/www.dentafest.com.mx\/sitio\/wp-content\/uploads\/2020\/05\/clinicaromanorte.jpg\" class=\"attachment-post-thumbnail size-post-thumbnail wp-post-image\" alt=\"dentista desntista roma norte\" loading=\"lazy\" srcset=\"https:\/\/www.dentafest.com.mx\/sitio\/wp-content\/uploads\/2020\/05\/clinicaromanorte.jpg 560w, https:\/\/www.dentafest.com.mx\/sitio\/wp-content\/uploads\/2020\/05\/clinicaromanorte-300x193.jpg 300w\" sizes=\"(max-width: 560px) 100vw, 560px\" \/>        <\/a>\n    <\/div>\n                        <div class=\"col-padding col-padding-xs\">\n                        <h3 class=\"post-title space-bottom-small\">\n                            <a href=\"https:\/\/www.dentafest.com.mx\/sitio\/dentista-roma-norte-2\/\" rel=\"bookmark\">\n                                Dentafest Dentista roma norte                            <\/a>\n                        <\/h3>\n                        <p>Dentafest Dentista roma norte En nuestra cl\u00ednica contamos con dentistas certificados y con amplia experiencia en todas las ramas de la Odontolog\u00eda .Nuestra cl\u00ednica dental es dirigida por la Dentista[&hellip;]<\/p>\n                        <a class=\"read-more link\" href=\"https:\/\/www.dentafest.com.mx\/sitio\/dentista-roma-norte-2\/\">\n                            Read more                        <\/a>\n                    <\/div>\n                <\/div>\n            <\/div>\n                    <div id=\"post-5083\" class=\"col-sm-6 col-md-4 space-bottom space-bottom-xs\">\n                <div class=\"post-content card y-move bordered\">\n                        <div class=\"post-thumbnail\">\n        <a href=\"https:\/\/www.dentafest.com.mx\/sitio\/brackets\/\" class=\"post-list-item-thumb \">\n            <img width=\"806\" height=\"481\" src=\"https:\/\/www.dentafest.com.mx\/sitio\/wp-content\/uploads\/2020\/05\/bracketsautoligados.jpg\" class=\"attachment-post-thumbnail size-post-thumbnail wp-post-image\" alt=\"ortodoncia invisible , invisalign\" loading=\"lazy\" srcset=\"https:\/\/www.dentafest.com.mx\/sitio\/wp-content\/uploads\/2020\/05\/bracketsautoligados.jpg 806w, https:\/\/www.dentafest.com.mx\/sitio\/wp-content\/uploads\/2020\/05\/bracketsautoligados-300x179.jpg 300w, https:\/\/www.dentafest.com.mx\/sitio\/wp-content\/uploads\/2020\/05\/bracketsautoligados-768x458.jpg 768w\" sizes=\"(max-width: 806px) 100vw, 806px\" \/>        <\/a>\n    <\/div>\n                        <div class=\"col-padding col-padding-xs\">\n                        <h3 class=\"post-title space-bottom-small\">\n                            <a href=\"https:\/\/www.dentafest.com.mx\/sitio\/brackets\/\" rel=\"bookmark\">\n                                Brackets                            <\/a>\n                        <\/h3>\n                        <p>Brackets Met\u00e1licos Los brackets met\u00e1licos resuelven cualquier tipo de complicaci\u00f3n de la mordida, y est\u00e1n indicadas tanto para adultos y j\u00f3venes, como para ni\u00f1os de menor edad. Tipos de Ortodoncia[&hellip;]<\/p>\n                        <a class=\"read-more link\" href=\"https:\/\/www.dentafest.com.mx\/sitio\/brackets\/\">\n                            Read more                        <\/a>\n                    <\/div>\n                <\/div>\n            <\/div>\n                    <div id=\"post-5078\" class=\"col-sm-6 col-md-4 space-bottom space-bottom-xs\">\n                <div class=\"post-content card y-move bordered\">\n                        <div class=\"post-thumbnail\">\n        <a href=\"https:\/\/www.dentafest.com.mx\/sitio\/implante-dental\/\" class=\"post-list-item-thumb \">\n            <img width=\"932\" height=\"589\" src=\"https:\/\/www.dentafest.com.mx\/sitio\/wp-content\/uploads\/2020\/05\/implanteental.jpg\" class=\"attachment-post-thumbnail size-post-thumbnail wp-post-image\" alt=\"implante dental dise\u00f1o de sonrisa\" loading=\"lazy\" srcset=\"https:\/\/www.dentafest.com.mx\/sitio\/wp-content\/uploads\/2020\/05\/implanteental.jpg 932w, https:\/\/www.dentafest.com.mx\/sitio\/wp-content\/uploads\/2020\/05\/implanteental-300x190.jpg 300w, https:\/\/www.dentafest.com.mx\/sitio\/wp-content\/uploads\/2020\/05\/implanteental-768x485.jpg 768w\" sizes=\"(max-width: 932px) 100vw, 932px\" \/>        <\/a>\n    <\/div>\n                        <div class=\"col-padding col-padding-xs\">\n                        <h3 class=\"post-title space-bottom-small\">\n                            <a href=\"https:\/\/www.dentafest.com.mx\/sitio\/implante-dental\/\" rel=\"bookmark\">\n                                Implante dental                            <\/a>\n                        <\/h3>\n                        <p>Implante dental El implante dental es una varilla met\u00e1lica que tiene un tornillo o gancho interno (pilar) que puede sujetar un diente (o dientes) falso(s) en su lugar. Los implantes[&hellip;]<\/p>\n                        <a class=\"read-more link\" href=\"https:\/\/www.dentafest.com.mx\/sitio\/implante-dental\/\">\n                            Read more                        <\/a>\n                    <\/div>\n                <\/div>\n            <\/div>\n            <\/div>\n    <\/div><\/div> <div  class=\"row\"><div  class=\"text-center\"> <a  class=\"button color1\" data-attr-shortcode=\"href:mesmerize_blog_link\" href=\"https:\/\/www.dentafest.com.mx\/sitio\/blog\/\">Ver las novedades<\/a><\/div> <\/div><\/div><\/div><div  id=\"contact-1\" data-label=\"Contact\" data-id=\"contact-1\" data-export-id=\"contact-1\" data-category=\"contact\" class=\"contact-1 content-section content-section-spacing white-text\" data-parallax-depth=\"20\" style=\"background-image: url(&quot;http:\/\/www.dentafest.com.mx\/sitio\/wp-content\/uploads\/2020\/05\/fondocontacto.jpg&quot;); background-size: cover; background-position: center top;\"><div  class=\"gridContainer\"> <div  class=\"row text-center\"><div  class=\"section-title-col\" data-type=\"column\"> <h2  class=\"\">Cont\u00e1ctanos<\/h2> <p  class=\"lead\">Por favor lena el siguiente formulario para cualquier duda comentario o servicios que requieras.<\/p><\/div> <\/div> <div  class=\"row text-center\"> <div  class=\"col-xs-12 col-sm-8 col-sm-offset-2 contact-form-wrapper inline-info\"> <div  class=\"card large-padding\"> <div  class=\"\" data-content-shortcode=\"mesmerize_contact_form shortcode=&quot;wpforms id=&amp;amp;quot;287&amp;amp;quot;&quot;\" data-editable=\"true\"><div class=\"wpforms-container wpforms-container-full\" id=\"wpforms-287\"><form id=\"wpforms-form-287\" class=\"wpforms-validate wpforms-form wpforms-ajax-form\" data-formid=\"287\" method=\"post\" enctype=\"multipart\/form-data\" action=\"\/sitio\/wp-json\/wp\/v2\/pages\/4730\" data-token=\"e24b6394cba1319f4470164b9acbcc4c\"><noscript class=\"wpforms-error-noscript\">Por favor, activa JavaScript en tu navegador para completar este formulario.<\/noscript><div class=\"wpforms-field-container\"><div id=\"wpforms-287-field_0-container\" class=\"wpforms-field wpforms-field-name\" data-field-id=\"0\"><label class=\"wpforms-field-label\" for=\"wpforms-287-field_0\">Nombre <span class=\"wpforms-required-label\">*<\/span><\/label><div class=\"wpforms-field-row wpforms-field-medium\"><div class=\"wpforms-field-row-block wpforms-first wpforms-one-half\"><input type=\"text\" id=\"wpforms-287-field_0\" class=\"wpforms-field-name-first wpforms-field-required\" name=\"wpforms[fields][0][first]\" required><label for=\"wpforms-287-field_0\" class=\"wpforms-field-sublabel after \">Nombre<\/label><\/div><div class=\"wpforms-field-row-block wpforms-one-half\"><input type=\"text\" id=\"wpforms-287-field_0-last\" class=\"wpforms-field-name-last wpforms-field-required\" name=\"wpforms[fields][0][last]\" required><label for=\"wpforms-287-field_0-last\" class=\"wpforms-field-sublabel after \">Apellidos<\/label><\/div><\/div><\/div><div id=\"wpforms-287-field_1-container\" class=\"wpforms-field wpforms-field-email\" data-field-id=\"1\"><label class=\"wpforms-field-label\" for=\"wpforms-287-field_1\">Correo electr\u00f3nico <span class=\"wpforms-required-label\">*<\/span><\/label><input type=\"email\" id=\"wpforms-287-field_1\" class=\"wpforms-field-medium wpforms-field-required\" name=\"wpforms[fields][1]\" required><\/div><div id=\"wpforms-287-field_2-container\" class=\"wpforms-field wpforms-field-textarea\" data-field-id=\"2\"><label class=\"wpforms-field-label\" for=\"wpforms-287-field_2\">Comentario o mensaje <span class=\"wpforms-required-label\">*<\/span><\/label><textarea id=\"wpforms-287-field_2\" class=\"wpforms-field-medium wpforms-field-required\" name=\"wpforms[fields][2]\" required><\/textarea><\/div><\/div><div class=\"wpforms-field wpforms-field-hp\"><label for=\"wpforms-287-field-hp\" class=\"wpforms-field-label\">Phone<\/label><input type=\"text\" name=\"wpforms[hp]\" id=\"wpforms-287-field-hp\" class=\"wpforms-field-medium\"><\/div><div class=\"wpforms-submit-container\"><input type=\"hidden\" name=\"wpforms[id]\" value=\"287\"><input type=\"hidden\" name=\"wpforms[author]\" value=\"3\"><button type=\"submit\" name=\"wpforms[submit]\" id=\"wpforms-submit-287\" class=\"wpforms-submit\" data-alt-text=\"Enviando...\" data-submit-text=\"Enviar\" aria-live=\"assertive\" value=\"wpforms-submit\">Enviar<\/button><img src=\"https:\/\/www.dentafest.com.mx\/sitio\/wp-content\/plugins\/wpforms-lite\/assets\/images\/submit-spin.svg\" class=\"wpforms-submit-spinner\" style=\"display: none;\" width=\"26\" height=\"26\" alt=\"\"><\/div><\/form><\/div>  <!-- .wpforms-container --><\/div><\/div> <\/div><\/div> <\/div><\/div>","protected":false},"excerpt":{"rendered":"<p>Dentafest, Cl\u00ednica Integral de Odontolog\u00eda especializada en Ortodoncia. La Doctora Akarawan Ponglertnapakorn es cirujana dentista con especialidad en ortodoncia realiza su especialidad en el famoso&nbsp; Hospital General \u00bb Dr. Manuel Gea Gonz\u00e1lez\u00bb y est\u00e1 certificada&nbsp;por la AMO Asociaci\u00f3n Mexicana de Ortodoncia y El Colegio de Ortodoncistas A.C., conc\u00e9dula profesional&nbsp; 7115114, c\u00e9dula de especialidad (Ortodoncia) es&hellip; <br \/> <a class=\"read-more\" href=\"https:\/\/www.dentafest.com.mx\/sitio\/implante-dental\/\">Leer m\u00e1s<\/a><\/p>\n","protected":false},"author":1,"featured_media":0,"parent":0,"menu_order":0,"comment_status":"closed","ping_status":"closed","template":"page-templates\/homepage.php","meta":{"_joinchat":[]},"_links":{"self":[{"href":"https:\/\/www.dentafest.com.mx\/sitio\/wp-json\/wp\/v2\/pages\/4730"}],"collection":[{"href":"https:\/\/www.dentafest.com.mx\/sitio\/wp-json\/wp\/v2\/pages"}],"about":[{"href":"https:\/\/www.dentafest.com.mx\/sitio\/wp-json\/wp\/v2\/types\/page"}],"author":[{"embeddable":true,"href":"https:\/\/www.dentafest.com.mx\/sitio\/wp-json\/wp\/v2\/users\/1"}],"replies":[{"embeddable":true,"href":"https:\/\/www.dentafest.com.mx\/sitio\/wp-json\/wp\/v2\/comments?post=4730"}],"version-history":[{"count":55,"href":"https:\/\/www.dentafest.com.mx\/sitio\/wp-json\/wp\/v2\/pages\/4730\/revisions"}],"predecessor-version":[{"id":5267,"href":"https:\/\/www.dentafest.com.mx\/sitio\/wp-json\/wp\/v2\/pages\/4730\/revisions\/5267"}],"wp:attachment":[{"href":"https:\/\/www.dentafest.com.mx\/sitio\/wp-json\/wp\/v2\/media?parent=4730"}],"curies":[{"name":"wp","href":"https:\/\/api.w.org\/{rel}","templated":true}]}}